{"id":14,"date":"2021-11-21T15:14:19","date_gmt":"2021-11-21T15:14:19","guid":{"rendered":"http:\/\/rafercocinas.es\/index.php\/about\/"},"modified":"2023-09-20T07:47:46","modified_gmt":"2023-09-20T07:47:46","slug":"patrocinios","status":"publish","type":"page","link":"https:\/\/rafercocinas.es\/?page_id=14","title":{"rendered":"Patrocinios"},"content":{"rendered":"\t\t<div data-elementor-type=\"wp-page\" data-elementor-id=\"14\" class=\"elementor elementor-14\">\n\t\t\t\t\t\t\t\t\t<section class=\"elementor-section elementor-top-section elementor-element elementor-element-c8ddeb6 elementor-section-height-min-height elementor-section-boxed elementor-section-height-default elementor-section-items-middle\" data-id=\"c8ddeb6\" data-element_type=\"section\" data-settings=\"{&quot;background_background&quot;:&quot;classic&quot;}\">\n\t\t\t\t\t\t\t<div class=\"elementor-background-overlay\"><\/div>\n\t\t\t\t\t\t\t<div class=\"elementor-container elementor-column-gap-default\">\n\t\t\t\t\t<div class=\"elementor-column elementor-col-100 elementor-top-column elementor-element elementor-element-6a5337e\" data-id=\"6a5337e\" data-element_type=\"column\">\n\t\t\t<div class=\"elementor-widget-wrap elementor-element-populated\">\n\t\t\t\t\t\t\t\t<div class=\"elementor-element elementor-element-feefb6c elementor-widget elementor-widget-heading\" data-id=\"feefb6c\" data-element_type=\"widget\" data-widget_type=\"heading.default\">\n\t\t\t\t<div class=\"elementor-widget-container\">\n\t\t\t<style>\/*! elementor - v3.11.1 - 15-02-2023 *\/\n.elementor-heading-title{padding:0;margin:0;line-height:1}.elementor-widget-heading .elementor-heading-title[class*=elementor-size-]>a{color:inherit;font-size:inherit;line-height:inherit}.elementor-widget-heading .elementor-heading-title.elementor-size-small{font-size:15px}.elementor-widget-heading .elementor-heading-title.elementor-size-medium{font-size:19px}.elementor-widget-heading .elementor-heading-title.elementor-size-large{font-size:29px}.elementor-widget-heading .elementor-heading-title.elementor-size-xl{font-size:39px}.elementor-widget-heading .elementor-heading-title.elementor-size-xxl{font-size:59px}<\/style><h1 class=\"elementor-heading-title elementor-size-default\">Patrocinios<\/h1>\t\t<\/div>\n\t\t\t\t<\/div>\n\t\t\t\t\t<\/div>\n\t\t<\/div>\n\t\t\t\t\t\t\t<\/div>\n\t\t<\/section>\n\t\t\t\t<section class=\"elementor-section elementor-top-section elementor-element elementor-element-034f786 elementor-section-boxed elementor-section-height-default elementor-section-height-default\" data-id=\"034f786\" data-element_type=\"section\">\n\t\t\t\t\t\t<div class=\"elementor-container elementor-column-gap-default\">\n\t\t\t\t\t<div class=\"elementor-column elementor-col-100 elementor-top-column elementor-element elementor-element-ba0c118\" data-id=\"ba0c118\" data-element_type=\"column\">\n\t\t\t<div class=\"elementor-widget-wrap elementor-element-populated\">\n\t\t\t\t\t\t\t\t<div class=\"elementor-element elementor-element-3dc998b elementor-widget elementor-widget-heading\" data-id=\"3dc998b\" data-element_type=\"widget\" data-widget_type=\"heading.default\">\n\t\t\t\t<div class=\"elementor-widget-container\">\n\t\t\t<h4 class=\"elementor-heading-title elementor-size-default\">En RAFER COCINAS hacemos un gran esfuerzo colaborando con diversas entidades con las que realizamos diversas acciones de patrocinio. <\/h4>\t\t<\/div>\n\t\t\t\t<\/div>\n\t\t\t\t<section class=\"elementor-section elementor-inner-section elementor-element elementor-element-d762106 elementor-section-boxed elementor-section-height-default elementor-section-height-default\" data-id=\"d762106\" data-element_type=\"section\">\n\t\t\t\t\t\t<div class=\"elementor-container elementor-column-gap-default\">\n\t\t\t\t\t<div class=\"elementor-column elementor-col-33 elementor-inner-column elementor-element elementor-element-08ec54c\" data-id=\"08ec54c\" data-element_type=\"column\">\n\t\t\t<div class=\"elementor-widget-wrap elementor-element-populated\">\n\t\t\t\t\t\t\t\t<div class=\"elementor-element elementor-element-239f9a9 elementor-widget elementor-widget-image\" data-id=\"239f9a9\" data-element_type=\"widget\" data-widget_type=\"image.default\">\n\t\t\t\t<div class=\"elementor-widget-container\">\n\t\t\t<style>\/*! elementor - v3.11.1 - 15-02-2023 *\/\n.elementor-widget-image{text-align:center}.elementor-widget-image a{display:inline-block}.elementor-widget-image a img[src$=\".svg\"]{width:48px}.elementor-widget-image img{vertical-align:middle;display:inline-block}<\/style>\t\t\t\t\t\t\t\t\t\t\t\t<img loading=\"lazy\" decoding=\"async\" width=\"370\" height=\"500\" src=\"https:\/\/rafercocinas.es\/wp-content\/uploads\/2022\/06\/club-deportivo-humanes.png\" class=\"attachment-large size-large wp-image-1395\" alt=\"\" srcset=\"https:\/\/rafercocinas.es\/wp-content\/uploads\/2022\/06\/club-deportivo-humanes.png 370w, https:\/\/rafercocinas.es\/wp-content\/uploads\/2022\/06\/club-deportivo-humanes-222x300.png 222w\" sizes=\"auto, (max-width: 370px) 100vw, 370px\" \/>\t\t\t\t\t\t\t\t\t\t\t\t\t\t\t<\/div>\n\t\t\t\t<\/div>\n\t\t\t\t<div class=\"elementor-element elementor-element-d35be41 elementor-widget elementor-widget-heading\" data-id=\"d35be41\" data-element_type=\"widget\" data-widget_type=\"heading.default\">\n\t\t\t\t<div class=\"elementor-widget-container\">\n\t\t\t<h3 class=\"elementor-heading-title elementor-size-default\">CD Humanes<\/h3>\t\t<\/div>\n\t\t\t\t<\/div>\n\t\t\t\t<div class=\"elementor-element elementor-element-8fa3d11 elementor-widget elementor-widget-text-editor\" data-id=\"8fa3d11\" data-element_type=\"widget\" data-widget_type=\"text-editor.default\">\n\t\t\t\t<div class=\"elementor-widget-container\">\n\t\t\t<style>\/*! elementor - v3.11.1 - 15-02-2023 *\/\n.elementor-widget-text-editor.elementor-drop-cap-view-stacked .elementor-drop-cap{background-color:#818a91;color:#fff}.elementor-widget-text-editor.elementor-drop-cap-view-framed .elementor-drop-cap{color:#818a91;border:3px solid;background-color:transparent}.elementor-widget-text-editor:not(.elementor-drop-cap-view-default) .elementor-drop-cap{margin-top:8px}.elementor-widget-text-editor:not(.elementor-drop-cap-view-default) .elementor-drop-cap-letter{width:1em;height:1em}.elementor-widget-text-editor .elementor-drop-cap{float:left;text-align:center;line-height:1;font-size:50px}.elementor-widget-text-editor .elementor-drop-cap-letter{display:inline-block}<\/style>\t\t\t\t<p>Junto al Club Deportivo Humanes realizamos una colaboraci\u00f3n en ropa y carteler\u00eda.<\/p>\t\t\t\t\t\t<\/div>\n\t\t\t\t<\/div>\n\t\t\t\t\t<\/div>\n\t\t<\/div>\n\t\t\t\t<div class=\"elementor-column elementor-col-33 elementor-inner-column elementor-element elementor-element-8444e64\" data-id=\"8444e64\" data-element_type=\"column\">\n\t\t\t<div class=\"elementor-widget-wrap elementor-element-populated\">\n\t\t\t\t\t\t\t\t<div class=\"elementor-element elementor-element-17e2aa4 elementor-widget elementor-widget-image\" data-id=\"17e2aa4\" data-element_type=\"widget\" data-widget_type=\"image.default\">\n\t\t\t\t<div class=\"elementor-widget-container\">\n\t\t\t\t\t\t\t\t\t\t\t\t\t\t\t<img loading=\"lazy\" decoding=\"async\" width=\"370\" height=\"500\" src=\"https:\/\/rafercocinas.es\/wp-content\/uploads\/2022\/06\/escuelapachonlopez.png\" class=\"attachment-large size-large wp-image-1393\" alt=\"\" srcset=\"https:\/\/rafercocinas.es\/wp-content\/uploads\/2022\/06\/escuelapachonlopez.png 370w, https:\/\/rafercocinas.es\/wp-content\/uploads\/2022\/06\/escuelapachonlopez-222x300.png 222w\" sizes=\"auto, (max-width: 370px) 100vw, 370px\" \/>\t\t\t\t\t\t\t\t\t\t\t\t\t\t\t<\/div>\n\t\t\t\t<\/div>\n\t\t\t\t<div class=\"elementor-element elementor-element-3f42237 elementor-widget elementor-widget-heading\" data-id=\"3f42237\" data-element_type=\"widget\" data-widget_type=\"heading.default\">\n\t\t\t\t<div class=\"elementor-widget-container\">\n\t\t\t<h3 class=\"elementor-heading-title elementor-size-default\">Escuela de F\u00fatbol Pach\u00f3n y L\u00f3pez <\/h3>\t\t<\/div>\n\t\t\t\t<\/div>\n\t\t\t\t<div class=\"elementor-element elementor-element-8469c3d elementor-widget elementor-widget-text-editor\" data-id=\"8469c3d\" data-element_type=\"widget\" data-widget_type=\"text-editor.default\">\n\t\t\t\t<div class=\"elementor-widget-container\">\n\t\t\t\t\t\t\t<p>En la Escuela de F\u00fatbol Pach\u00f3n L\u00f3pez realizamos un patrocinio en ropa y lonas.<\/p>\t\t\t\t\t\t<\/div>\n\t\t\t\t<\/div>\n\t\t\t\t\t<\/div>\n\t\t<\/div>\n\t\t\t\t<div class=\"elementor-column elementor-col-33 elementor-inner-column elementor-element elementor-element-d30d7a1\" data-id=\"d30d7a1\" data-element_type=\"column\">\n\t\t\t<div class=\"elementor-widget-wrap elementor-element-populated\">\n\t\t\t\t\t\t\t\t<div class=\"elementor-element elementor-element-266349a elementor-widget elementor-widget-image\" data-id=\"266349a\" data-element_type=\"widget\" data-widget_type=\"image.default\">\n\t\t\t\t<div class=\"elementor-widget-container\">\n\t\t\t\t\t\t\t\t\t\t\t\t\t\t\t<img loading=\"lazy\" decoding=\"async\" width=\"370\" height=\"500\" src=\"https:\/\/rafercocinas.es\/wp-content\/uploads\/2022\/06\/peloton-tenerife.png\" class=\"attachment-large size-large wp-image-1394\" alt=\"\" srcset=\"https:\/\/rafercocinas.es\/wp-content\/uploads\/2022\/06\/peloton-tenerife.png 370w, https:\/\/rafercocinas.es\/wp-content\/uploads\/2022\/06\/peloton-tenerife-222x300.png 222w\" sizes=\"auto, (max-width: 370px) 100vw, 370px\" \/>\t\t\t\t\t\t\t\t\t\t\t\t\t\t\t<\/div>\n\t\t\t\t<\/div>\n\t\t\t\t<div class=\"elementor-element elementor-element-6260bc9 elementor-widget elementor-widget-heading\" data-id=\"6260bc9\" data-element_type=\"widget\" data-widget_type=\"heading.default\">\n\t\t\t\t<div class=\"elementor-widget-container\">\n\t\t\t<h3 class=\"elementor-heading-title elementor-size-default\">Equipo ciclista Pelot\u00f3n Tenerife <\/h3>\t\t<\/div>\n\t\t\t\t<\/div>\n\t\t\t\t<div class=\"elementor-element elementor-element-3a99000 elementor-widget elementor-widget-text-editor\" data-id=\"3a99000\" data-element_type=\"widget\" data-widget_type=\"text-editor.default\">\n\t\t\t\t<div class=\"elementor-widget-container\">\n\t\t\t\t\t\t\t<p class=\"font9\" style=\"line-height: 22.5pt;\">Nuestro \u00faltimo patrocinio es junto al <span class=\"color15\"><span style=\"font-size: 11.5pt;\">equipo ciclista Pelot\u00f3n Tenerife donde podr\u00e1s vernos en los coches de acompa\u00f1amiento. <\/span><\/span><\/p>\t\t\t\t\t\t<\/div>\n\t\t\t\t<\/div>\n\t\t\t\t\t<\/div>\n\t\t<\/div>\n\t\t\t\t\t\t\t<\/div>\n\t\t<\/section>\n\t\t\t\t<section class=\"elementor-section elementor-inner-section elementor-element elementor-element-b3e9adc elementor-section-boxed elementor-section-height-default elementor-section-height-default\" data-id=\"b3e9adc\" data-element_type=\"section\">\n\t\t\t\t\t\t<div class=\"elementor-container elementor-column-gap-default\">\n\t\t\t\t\t<div class=\"elementor-column elementor-col-33 elementor-inner-column elementor-element elementor-element-6bcf655\" data-id=\"6bcf655\" data-element_type=\"column\">\n\t\t\t<div class=\"elementor-widget-wrap elementor-element-populated\">\n\t\t\t\t\t\t\t\t<div class=\"elementor-element elementor-element-da743aa elementor-widget elementor-widget-image\" data-id=\"da743aa\" data-element_type=\"widget\" data-widget_type=\"image.default\">\n\t\t\t\t<div class=\"elementor-widget-container\">\n\t\t\t\t\t\t\t\t\t\t\t\t\t\t\t<img loading=\"lazy\" decoding=\"async\" width=\"370\" height=\"500\" src=\"https:\/\/rafercocinas.es\/wp-content\/uploads\/2022\/07\/domingolm.png\" class=\"attachment-large size-large wp-image-1526\" alt=\"\" srcset=\"https:\/\/rafercocinas.es\/wp-content\/uploads\/2022\/07\/domingolm.png 370w, https:\/\/rafercocinas.es\/wp-content\/uploads\/2022\/07\/domingolm-222x300.png 222w\" sizes=\"auto, (max-width: 370px) 100vw, 370px\" \/>\t\t\t\t\t\t\t\t\t\t\t\t\t\t\t<\/div>\n\t\t\t\t<\/div>\n\t\t\t\t<div class=\"elementor-element elementor-element-95803c6 elementor-widget elementor-widget-heading\" data-id=\"95803c6\" data-element_type=\"widget\" data-widget_type=\"heading.default\">\n\t\t\t\t<div class=\"elementor-widget-container\">\n\t\t\t<h3 class=\"elementor-heading-title elementor-size-default\">Domingolm<\/h3>\t\t<\/div>\n\t\t\t\t<\/div>\n\t\t\t\t<div class=\"elementor-element elementor-element-092a144 elementor-widget elementor-widget-text-editor\" data-id=\"092a144\" data-element_type=\"widget\" data-widget_type=\"text-editor.default\">\n\t\t\t\t<div class=\"elementor-widget-container\">\n\t\t\t\t\t\t\t<p>Contamos con un espacio reservado en el medio de comunicaci\u00f3n de deportes <a href=\"https:\/\/domingolm.com\/\">Domingolm.<\/a><\/p>\t\t\t\t\t\t<\/div>\n\t\t\t\t<\/div>\n\t\t\t\t\t<\/div>\n\t\t<\/div>\n\t\t\t\t<div class=\"elementor-column elementor-col-33 elementor-inner-column elementor-element elementor-element-71508ac\" data-id=\"71508ac\" data-element_type=\"column\">\n\t\t\t<div class=\"elementor-widget-wrap elementor-element-populated\">\n\t\t\t\t\t\t\t\t<div class=\"elementor-element elementor-element-dc30667 elementor-widget elementor-widget-image\" data-id=\"dc30667\" data-element_type=\"widget\" data-widget_type=\"image.default\">\n\t\t\t\t<div class=\"elementor-widget-container\">\n\t\t\t\t\t\t\t\t\t\t\t\t\t\t\t<img loading=\"lazy\" decoding=\"async\" width=\"370\" height=\"500\" src=\"https:\/\/rafercocinas.es\/wp-content\/uploads\/2022\/07\/ayto-fuenlabrada.png\" class=\"attachment-large size-large wp-image-1525\" alt=\"\" srcset=\"https:\/\/rafercocinas.es\/wp-content\/uploads\/2022\/07\/ayto-fuenlabrada.png 370w, https:\/\/rafercocinas.es\/wp-content\/uploads\/2022\/07\/ayto-fuenlabrada-222x300.png 222w\" sizes=\"auto, (max-width: 370px) 100vw, 370px\" \/>\t\t\t\t\t\t\t\t\t\t\t\t\t\t\t<\/div>\n\t\t\t\t<\/div>\n\t\t\t\t<div class=\"elementor-element elementor-element-d03b0e0 elementor-widget elementor-widget-heading\" data-id=\"d03b0e0\" data-element_type=\"widget\" data-widget_type=\"heading.default\">\n\t\t\t\t<div class=\"elementor-widget-container\">\n\t\t\t<h3 class=\"elementor-heading-title elementor-size-default\">Fiestas patronales<\/h3>\t\t<\/div>\n\t\t\t\t<\/div>\n\t\t\t\t<div class=\"elementor-element elementor-element-3ba5585 elementor-widget elementor-widget-text-editor\" data-id=\"3ba5585\" data-element_type=\"widget\" data-widget_type=\"text-editor.default\">\n\t\t\t\t<div class=\"elementor-widget-container\">\n\t\t\t\t\t\t\t<p>Participamos en fiestas patronales en Humanes y Fuenlabrada con la incorporaci\u00f3n de lonas.<\/p>\t\t\t\t\t\t<\/div>\n\t\t\t\t<\/div>\n\t\t\t\t\t<\/div>\n\t\t<\/div>\n\t\t\t\t<div class=\"elementor-column elementor-col-33 elementor-inner-column elementor-element elementor-element-a56f63e\" data-id=\"a56f63e\" data-element_type=\"column\">\n\t\t\t<div class=\"elementor-widget-wrap\">\n\t\t\t\t\t\t\t\t\t<\/div>\n\t\t<\/div>\n\t\t\t\t\t\t\t<\/div>\n\t\t<\/section>\n\t\t\t\t\t<\/div>\n\t\t<\/div>\n\t\t\t\t\t\t\t<\/div>\n\t\t<\/section>\n\t\t\t\t<section class=\"elementor-section elementor-top-section elementor-element elementor-element-e889fc3 elementor-section-boxed elementor-section-height-default elementor-section-height-default\" data-id=\"e889fc3\" data-element_type=\"section\" data-settings=\"{&quot;background_background&quot;:&quot;classic&quot;}\">\n\t\t\t\t\t\t<div class=\"elementor-container elementor-column-gap-default\">\n\t\t\t\t\t<div class=\"elementor-column elementor-col-33 elementor-top-column elementor-element elementor-element-3c8f4a8\" data-id=\"3c8f4a8\" data-element_type=\"column\">\n\t\t\t<div class=\"elementor-widget-wrap\">\n\t\t\t\t\t\t\t\t\t<\/div>\n\t\t<\/div>\n\t\t\t\t<div class=\"elementor-column elementor-col-33 elementor-top-column elementor-element elementor-element-ebb2ba7\" data-id=\"ebb2ba7\" data-element_type=\"column\">\n\t\t\t<div class=\"elementor-widget-wrap elementor-element-populated\">\n\t\t\t\t\t\t\t\t<div class=\"elementor-element elementor-element-77e2dd9 elementor-view-default elementor-widget elementor-widget-icon\" data-id=\"77e2dd9\" data-element_type=\"widget\" data-widget_type=\"icon.default\">\n\t\t\t\t<div class=\"elementor-widget-container\">\n\t\t\t\t\t<div class=\"elementor-icon-wrapper\">\n\t\t\t<div class=\"elementor-icon\">\n\t\t\t<i aria-hidden=\"true\" class=\"fas fa-phone-alt\"><\/i>\t\t\t<\/div>\n\t\t<\/div>\n\t\t\t\t<\/div>\n\t\t\t\t<\/div>\n\t\t\t\t<div class=\"elementor-element elementor-element-beb0353 elementor-widget elementor-widget-heading\" data-id=\"beb0353\" data-element_type=\"widget\" data-widget_type=\"heading.default\">\n\t\t\t\t<div class=\"elementor-widget-container\">\n\t\t\t<h4 class=\"elementor-heading-title elementor-size-default\">No dudes en contactar con nosotros para solicitar m\u00e1s informaci\u00f3n sobre nuestros patrocinios.<\/h4>\t\t<\/div>\n\t\t\t\t<\/div>\n\t\t\t\t<div class=\"elementor-element elementor-element-76f1ade elementor-align-center elementor-widget elementor-widget-button\" data-id=\"76f1ade\" data-element_type=\"widget\" data-widget_type=\"button.default\">\n\t\t\t\t<div class=\"elementor-widget-container\">\n\t\t\t\t\t<div class=\"elementor-button-wrapper\">\n\t\t\t<a href=\"https:\/\/rafercocinas.es\/contacto\/\" class=\"elementor-button-link elementor-button elementor-size-sm\" role=\"button\">\n\t\t\t\t\t\t<span class=\"elementor-button-content-wrapper\">\n\t\t\t\t\t\t<span class=\"elementor-button-text\">Contacta ahora<\/span>\n\t\t<\/span>\n\t\t\t\t\t<\/a>\n\t\t<\/div>\n\t\t\t\t<\/div>\n\t\t\t\t<\/div>\n\t\t\t\t\t<\/div>\n\t\t<\/div>\n\t\t\t\t<div class=\"elementor-column elementor-col-33 elementor-top-column elementor-element elementor-element-9e16007\" data-id=\"9e16007\" data-element_type=\"column\">\n\t\t\t<div class=\"elementor-widget-wrap\">\n\t\t\t\t\t\t\t\t\t<\/div>\n\t\t<\/div>\n\t\t\t\t\t\t\t<\/div>\n\t\t<\/section>\n\t\t\t\t\t\t\t<\/div>\n\t\t","protected":false},"excerpt":{"rendered":"<p>Patrocinios En RAFER COCINAS hacemos un gran esfuerzo colaborando con diversas entidades con las que realizamos diversas acciones de patrocinio. CD Humanes Junto al Club Deportivo Humanes realizamos una colaboraci\u00f3n en ropa y carteler\u00eda. Escuela de F\u00fatbol Pach\u00f3n y L\u00f3pez En la Escuela de F\u00fatbol Pach\u00f3n L\u00f3pez realizamos un patrocinio en ropa y lonas. Equipo &hellip;<\/p>\n<p class=\"read-more\"> <a class=\"\" href=\"https:\/\/rafercocinas.es\/?page_id=14\"> <span class=\"screen-reader-text\">Patrocinios<\/span> Leer m\u00e1s &raquo;<\/a><\/p>\n","protected":false},"author":1,"featured_media":0,"parent":0,"menu_order":0,"comment_status":"closed","ping_status":"closed","template":"","meta":{"site-sidebar-layout":"no-sidebar","site-content-layout":"page-builder","ast-global-header-display":"","ast-main-header-display":"","ast-hfb-above-header-display":"","ast-hfb-below-header-display":"","ast-hfb-mobile-header-display":"","site-post-title":"disabled","ast-breadcrumbs-content":"","ast-featured-img":"disabled","footer-sml-layout":"","theme-transparent-header-meta":"enabled","adv-header-id-meta":"","stick-header-meta":"","header-above-stick-meta":"","header-main-stick-meta":"","header-below-stick-meta":"","footnotes":""},"class_list":["post-14","page","type-page","status-publish","hentry"],"yoast_head":"<!-- This site is optimized with the Yoast SEO plugin v20.1 - https:\/\/yoast.com\/wordpress\/plugins\/seo\/ -->\n<title>Patrocinios - Rafer Cocinas<\/title>\n<meta name=\"robots\" content=\"index, follow, max-snippet:-1, max-image-preview:large, max-video-preview:-1\" \/>\n<link rel=\"canonical\" href=\"https:\/\/rafercocinas.es\/?page_id=14\" \/>\n<meta property=\"og:locale\" content=\"es_ES\" \/>\n<meta property=\"og:type\" content=\"article\" \/>\n<meta property=\"og:title\" content=\"Patrocinios - Rafer Cocinas\" \/>\n<meta property=\"og:description\" content=\"Patrocinios En RAFER COCINAS hacemos un gran esfuerzo colaborando con diversas entidades con las que realizamos diversas acciones de patrocinio. CD Humanes Junto al Club Deportivo Humanes realizamos una colaboraci\u00f3n en ropa y carteler\u00eda. Escuela de F\u00fatbol Pach\u00f3n y L\u00f3pez En la Escuela de F\u00fatbol Pach\u00f3n L\u00f3pez realizamos un patrocinio en ropa y lonas. Equipo &hellip; Patrocinios Leer m\u00e1s &raquo;\" \/>\n<meta property=\"og:url\" content=\"https:\/\/rafercocinas.es\/?page_id=14\" \/>\n<meta property=\"og:site_name\" content=\"Rafer Cocinas\" \/>\n<meta property=\"article:modified_time\" content=\"2023-09-20T07:47:46+00:00\" \/>\n<meta property=\"og:image\" content=\"https:\/\/rafercocinas.es\/wp-content\/uploads\/2022\/06\/club-deportivo-humanes.png\" \/>\n<meta name=\"twitter:card\" content=\"summary_large_image\" \/>\n<meta name=\"twitter:label1\" content=\"Tiempo de lectura\" \/>\n\t<meta name=\"twitter:data1\" content=\"2 minutos\" \/>\n<script type=\"application\/ld+json\" class=\"yoast-schema-graph\">{\"@context\":\"https:\/\/schema.org\",\"@graph\":[{\"@type\":\"WebPage\",\"@id\":\"https:\/\/rafercocinas.es\/?page_id=14\",\"url\":\"https:\/\/rafercocinas.es\/?page_id=14\",\"name\":\"Patrocinios - Rafer Cocinas\",\"isPartOf\":{\"@id\":\"https:\/\/rafercocinas.es\/#website\"},\"datePublished\":\"2021-11-21T15:14:19+00:00\",\"dateModified\":\"2023-09-20T07:47:46+00:00\",\"breadcrumb\":{\"@id\":\"https:\/\/rafercocinas.es\/?page_id=14#breadcrumb\"},\"inLanguage\":\"es\",\"potentialAction\":[{\"@type\":\"ReadAction\",\"target\":[\"https:\/\/rafercocinas.es\/?page_id=14\"]}]},{\"@type\":\"BreadcrumbList\",\"@id\":\"https:\/\/rafercocinas.es\/?page_id=14#breadcrumb\",\"itemListElement\":[{\"@type\":\"ListItem\",\"position\":1,\"name\":\"Portada\",\"item\":\"https:\/\/rafercocinas.es\/\"},{\"@type\":\"ListItem\",\"position\":2,\"name\":\"Patrocinios\"}]},{\"@type\":\"WebSite\",\"@id\":\"https:\/\/rafercocinas.es\/#website\",\"url\":\"https:\/\/rafercocinas.es\/\",\"name\":\"Rafer Cocinas\",\"description\":\"Fabricaci\u00f3n de cocinas en Madrid.\",\"publisher\":{\"@id\":\"https:\/\/rafercocinas.es\/#organization\"},\"potentialAction\":[{\"@type\":\"SearchAction\",\"target\":{\"@type\":\"EntryPoint\",\"urlTemplate\":\"https:\/\/rafercocinas.es\/?s={search_term_string}\"},\"query-input\":\"required name=search_term_string\"}],\"inLanguage\":\"es\"},{\"@type\":\"Organization\",\"@id\":\"https:\/\/rafercocinas.es\/#organization\",\"name\":\"Rafer Cocinas\",\"url\":\"https:\/\/rafercocinas.es\/\",\"logo\":{\"@type\":\"ImageObject\",\"inLanguage\":\"es\",\"@id\":\"https:\/\/rafercocinas.es\/#\/schema\/logo\/image\/\",\"url\":\"https:\/\/rafercocinas.es\/wp-content\/uploads\/2022\/06\/cropped-logotipo-rafer.png\",\"contentUrl\":\"https:\/\/rafercocinas.es\/wp-content\/uploads\/2022\/06\/cropped-logotipo-rafer.png\",\"width\":743,\"height\":248,\"caption\":\"Rafer Cocinas\"},\"image\":{\"@id\":\"https:\/\/rafercocinas.es\/#\/schema\/logo\/image\/\"}}]}<\/script>\n<!-- \/ Yoast SEO plugin. -->","yoast_head_json":{"title":"Patrocinios - Rafer Cocinas","robots":{"index":"index","follow":"follow","max-snippet":"max-snippet:-1","max-image-preview":"max-image-preview:large","max-video-preview":"max-video-preview:-1"},"canonical":"https:\/\/rafercocinas.es\/?page_id=14","og_locale":"es_ES","og_type":"article","og_title":"Patrocinios - Rafer Cocinas","og_description":"Patrocinios En RAFER COCINAS hacemos un gran esfuerzo colaborando con diversas entidades con las que realizamos diversas acciones de patrocinio. CD Humanes Junto al Club Deportivo Humanes realizamos una colaboraci\u00f3n en ropa y carteler\u00eda. Escuela de F\u00fatbol Pach\u00f3n y L\u00f3pez En la Escuela de F\u00fatbol Pach\u00f3n L\u00f3pez realizamos un patrocinio en ropa y lonas. Equipo &hellip; Patrocinios Leer m\u00e1s &raquo;","og_url":"https:\/\/rafercocinas.es\/?page_id=14","og_site_name":"Rafer Cocinas","article_modified_time":"2023-09-20T07:47:46+00:00","og_image":[{"url":"https:\/\/rafercocinas.es\/wp-content\/uploads\/2022\/06\/club-deportivo-humanes.png"}],"twitter_card":"summary_large_image","twitter_misc":{"Tiempo de lectura":"2 minutos"},"schema":{"@context":"https:\/\/schema.org","@graph":[{"@type":"WebPage","@id":"https:\/\/rafercocinas.es\/?page_id=14","url":"https:\/\/rafercocinas.es\/?page_id=14","name":"Patrocinios - Rafer Cocinas","isPartOf":{"@id":"https:\/\/rafercocinas.es\/#website"},"datePublished":"2021-11-21T15:14:19+00:00","dateModified":"2023-09-20T07:47:46+00:00","breadcrumb":{"@id":"https:\/\/rafercocinas.es\/?page_id=14#breadcrumb"},"inLanguage":"es","potentialAction":[{"@type":"ReadAction","target":["https:\/\/rafercocinas.es\/?page_id=14"]}]},{"@type":"BreadcrumbList","@id":"https:\/\/rafercocinas.es\/?page_id=14#breadcrumb","itemListElement":[{"@type":"ListItem","position":1,"name":"Portada","item":"https:\/\/rafercocinas.es\/"},{"@type":"ListItem","position":2,"name":"Patrocinios"}]},{"@type":"WebSite","@id":"https:\/\/rafercocinas.es\/#website","url":"https:\/\/rafercocinas.es\/","name":"Rafer Cocinas","description":"Fabricaci\u00f3n de cocinas en Madrid.","publisher":{"@id":"https:\/\/rafercocinas.es\/#organization"},"potentialAction":[{"@type":"SearchAction","target":{"@type":"EntryPoint","urlTemplate":"https:\/\/rafercocinas.es\/?s={search_term_string}"},"query-input":"required name=search_term_string"}],"inLanguage":"es"},{"@type":"Organization","@id":"https:\/\/rafercocinas.es\/#organization","name":"Rafer Cocinas","url":"https:\/\/rafercocinas.es\/","logo":{"@type":"ImageObject","inLanguage":"es","@id":"https:\/\/rafercocinas.es\/#\/schema\/logo\/image\/","url":"https:\/\/rafercocinas.es\/wp-content\/uploads\/2022\/06\/cropped-logotipo-rafer.png","contentUrl":"https:\/\/rafercocinas.es\/wp-content\/uploads\/2022\/06\/cropped-logotipo-rafer.png","width":743,"height":248,"caption":"Rafer Cocinas"},"image":{"@id":"https:\/\/rafercocinas.es\/#\/schema\/logo\/image\/"}}]}},"_links":{"self":[{"href":"https:\/\/rafercocinas.es\/index.php?rest_route=\/wp\/v2\/pages\/14","targetHints":{"allow":["GET"]}}],"collection":[{"href":"https:\/\/rafercocinas.es\/index.php?rest_route=\/wp\/v2\/pages"}],"about":[{"href":"https:\/\/rafercocinas.es\/index.php?rest_route=\/wp\/v2\/types\/page"}],"author":[{"embeddable":true,"href":"https:\/\/rafercocinas.es\/index.php?rest_route=\/wp\/v2\/users\/1"}],"replies":[{"embeddable":true,"href":"https:\/\/rafercocinas.es\/index.php?rest_route=%2Fwp%2Fv2%2Fcomments&post=14"}],"version-history":[{"count":14,"href":"https:\/\/rafercocinas.es\/index.php?rest_route=\/wp\/v2\/pages\/14\/revisions"}],"predecessor-version":[{"id":1900,"href":"https:\/\/rafercocinas.es\/index.php?rest_route=\/wp\/v2\/pages\/14\/revisions\/1900"}],"wp:attachment":[{"href":"https:\/\/rafercocinas.es\/index.php?rest_route=%2Fwp%2Fv2%2Fmedia&parent=14"}],"curies":[{"name":"wp","href":"https:\/\/api.w.org\/{rel}","templated":true}]}}